{"id":4400,"date":"2021-10-12T15:51:09","date_gmt":"2021-10-12T12:51:09","guid":{"rendered":"http:\/\/dummy.xtemos.com\/woodmart2\/elementor\/?page_id=4400"},"modified":"2023-01-10T16:37:45","modified_gmt":"2023-01-10T13:37:45","slug":"bilimsel-calismalar","status":"publish","type":"page","link":"https:\/\/bekaferd.com.tr\/index.php\/bilimsel-calismalar\/","title":{"rendered":"B\u0130L\u0130MSEL \u00c7ALI\u015eMALAR"},"content":{"rendered":"\t\t<div data-elementor-type=\"wp-page\" data-elementor-id=\"4400\" class=\"elementor elementor-4400\">\n\t\t\t\t\t\t\t\t\t<section class=\"wd-negative-gap elementor-section elementor-top-section elementor-element elementor-element-3c548bca elementor-reverse-tablet elementor-reverse-mobile elementor-section-boxed elementor-section-height-default elementor-section-height-default wd-section-disabled\" data-id=\"3c548bca\" data-element_type=\"section\">\n\t\t\t\t\t\t<div class=\"elementor-container elementor-column-gap-default\">\n\t\t\t\t\t<div class=\"elementor-column elementor-col-50 elementor-top-column elementor-element elementor-element-1d354ed7\" data-id=\"1d354ed7\" data-element_type=\"column\">\n\t\t\t<div class=\"elementor-widget-wrap elementor-element-populated\">\n\t\t\t\t\t\t\t\t<div class=\"elementor-element elementor-element-3b8f1c6 elementor-widget elementor-widget-wd_image_or_svg\" data-id=\"3b8f1c6\" data-element_type=\"widget\" data-widget_type=\"wd_image_or_svg.default\">\n\t\t\t\t<div class=\"elementor-widget-container\">\n\t\t\t\n\t\t<div class=\"wd-image text-center\">\n\t\t\t\t\t\t\t\t<img loading=\"lazy\" decoding=\"async\" width=\"2000\" height=\"1335\" src=\"https:\/\/bekaferd.com.tr\/wp-content\/uploads\/2022\/12\/modern-laboratory-interior.jpg\" class=\"attachment-full size-full wp-image-8521\" alt=\"\" srcset=\"https:\/\/bekaferd.com.tr\/wp-content\/uploads\/2022\/12\/modern-laboratory-interior.jpg 2000w, https:\/\/bekaferd.com.tr\/wp-content\/uploads\/2022\/12\/modern-laboratory-interior-400x267.jpg 400w, https:\/\/bekaferd.com.tr\/wp-content\/uploads\/2022\/12\/modern-laboratory-interior-1199x800.jpg 1199w, https:\/\/bekaferd.com.tr\/wp-content\/uploads\/2022\/12\/modern-laboratory-interior-768x513.jpg 768w, https:\/\/bekaferd.com.tr\/wp-content\/uploads\/2022\/12\/modern-laboratory-interior-1536x1025.jpg 1536w, https:\/\/bekaferd.com.tr\/wp-content\/uploads\/2022\/12\/modern-laboratory-interior-860x574.jpg 860w, https:\/\/bekaferd.com.tr\/wp-content\/uploads\/2022\/12\/modern-laboratory-interior-430x287.jpg 430w, https:\/\/bekaferd.com.tr\/wp-content\/uploads\/2022\/12\/modern-laboratory-interior-700x467.jpg 700w, https:\/\/bekaferd.com.tr\/wp-content\/uploads\/2022\/12\/modern-laboratory-interior-150x100.jpg 150w\" sizes=\"auto, (max-width: 2000px) 100vw, 2000px\" \/>\t\t\t\t\t<\/div>\n\n\t\t\t\t<\/div>\n\t\t\t\t<\/div>\n\t\t\t\t\t<\/div>\n\t\t<\/div>\n\t\t\t\t<div class=\"elementor-column elementor-col-50 elementor-top-column elementor-element elementor-element-7a9daa7\" data-id=\"7a9daa7\" data-element_type=\"column\">\n\t\t\t<div class=\"elementor-widget-wrap elementor-element-populated\">\n\t\t\t\t\t\t\t\t<div class=\"elementor-element elementor-element-18566191 elementor-widget elementor-widget-wd_title\" data-id=\"18566191\" data-element_type=\"widget\" data-widget_type=\"wd_title.default\">\n\t\t\t\t<div class=\"elementor-widget-container\">\n\t\t\t\t\t<div class=\"title-wrapper set-mb-s reset-last-child wd-title-color-primary wd-title-style-default wd-title-size-large text-left\">\n\n\t\t\t\n\t\t\t<div class=\"liner-continer\">\n\t\t\t\t<h4 class=\"woodmart-title-container title wd-fontsize-xxl\">B\u0130L\u0130MSEL \u00c7ALI\u015eMALAR<\/h4> \n\t\t\t\t\t\t\t<\/div>\n\n\t\t\t\t\t<\/div>\n\t\t\t\t<\/div>\n\t\t\t\t<\/div>\n\t\t\t\t<div class=\"elementor-element elementor-element-cf34ae6 elementor-widget elementor-widget-wd_text_block\" data-id=\"cf34ae6\" data-element_type=\"widget\" data-widget_type=\"wd_text_block.default\">\n\t\t\t\t<div class=\"elementor-widget-container\">\n\t\t\t\t\t<div class=\"wd-text-block reset-last-child text-left\">\n\t\t\t\n\t\t\t<p>\u00c7OK YAKINDA S\u0130ZLERLE...<\/p>\n\t\t\t\t\t<\/div>\n\t\t\t\t<\/div>\n\t\t\t\t<\/div>\n\t\t\t\t\t<\/div>\n\t\t<\/div>\n\t\t\t\t\t\t\t<\/div>\n\t\t<\/section>\n\t\t\t\t\t\t\t<\/div>\n\t\t","protected":false},"excerpt":{"rendered":"<p>B\u0130L\u0130MSEL \u00c7ALI\u015eMALAR \u00c7OK YAKINDA S\u0130ZLERLE&#8230;<\/p>\n","protected":false},"author":1,"featured_media":0,"parent":0,"menu_order":0,"comment_status":"closed","ping_status":"closed","template":"","meta":{"footnotes":""},"class_list":["post-4400","page","type-page","status-publish","hentry"],"_links":{"self":[{"href":"https:\/\/bekaferd.com.tr\/index.php\/wp-json\/wp\/v2\/pages\/4400","targetHints":{"allow":["GET"]}}],"collection":[{"href":"https:\/\/bekaferd.com.tr\/index.php\/wp-json\/wp\/v2\/pages"}],"about":[{"href":"https:\/\/bekaferd.com.tr\/index.php\/wp-json\/wp\/v2\/types\/page"}],"author":[{"embeddable":true,"href":"https:\/\/bekaferd.com.tr\/index.php\/wp-json\/wp\/v2\/users\/1"}],"replies":[{"embeddable":true,"href":"https:\/\/bekaferd.com.tr\/index.php\/wp-json\/wp\/v2\/comments?post=4400"}],"version-history":[{"count":5,"href":"https:\/\/bekaferd.com.tr\/index.php\/wp-json\/wp\/v2\/pages\/4400\/revisions"}],"predecessor-version":[{"id":8711,"href":"https:\/\/bekaferd.com.tr\/index.php\/wp-json\/wp\/v2\/pages\/4400\/revisions\/8711"}],"wp:attachment":[{"href":"https:\/\/bekaferd.com.tr\/index.php\/wp-json\/wp\/v2\/media?parent=4400"}],"curies":[{"name":"wp","href":"https:\/\/api.w.org\/{rel}","templated":true}]}}