{"id":8631,"date":"2023-01-03T15:03:35","date_gmt":"2023-01-03T12:03:35","guid":{"rendered":"https:\/\/bekaferd.com.tr\/?page_id=8631"},"modified":"2023-01-10T17:31:40","modified_gmt":"2023-01-10T14:31:40","slug":"dogal-kirmizi","status":"publish","type":"page","link":"https:\/\/bekaferd.com.tr\/index.php\/dogal-kirmizi\/","title":{"rendered":"&#8220;DO\u011eAL KIRMIZI&#8221;"},"content":{"rendered":"\t\t<div data-elementor-type=\"wp-page\" data-elementor-id=\"8631\" class=\"elementor elementor-8631\">\n\t\t\t\t\t\t\t\t\t<section class=\"elementor-section elementor-top-section elementor-element elementor-element-99938d9 elementor-section-full_width elementor-section-content-middle elementor-section-stretched elementor-section-height-default elementor-section-height-default wd-section-disabled\" data-id=\"99938d9\" data-element_type=\"section\" data-settings=\"{&quot;stretch_section&quot;:&quot;section-stretched&quot;}\">\n\t\t\t\t\t\t<div class=\"elementor-container elementor-column-gap-no\">\n\t\t\t\t\t<div class=\"elementor-column elementor-col-100 elementor-top-column elementor-element elementor-element-bd992e3\" data-id=\"bd992e3\" data-element_type=\"column\">\n\t\t\t<div class=\"elementor-widget-wrap elementor-element-populated\">\n\t\t\t\t\t\t\t\t<div class=\"elementor-element elementor-element-39345bf elementor-widget elementor-widget-image\" data-id=\"39345bf\" data-element_type=\"widget\" data-widget_type=\"image.default\">\n\t\t\t\t<div class=\"elementor-widget-container\">\n\t\t\t<style>\/*! elementor - v3.9.2 - 21-12-2022 *\/\n.elementor-widget-image{text-align:center}.elementor-widget-image a{display:inline-block}.elementor-widget-image a img[src$=\".svg\"]{width:48px}.elementor-widget-image img{vertical-align:middle;display:inline-block}<\/style>\t\t\t\t\t\t\t\t\t\t\t\t<img loading=\"lazy\" decoding=\"async\" width=\"1900\" height=\"250\" src=\"https:\/\/bekaferd.com.tr\/wp-content\/uploads\/2023\/01\/BANNER2.jpg\" class=\"attachment-full size-full wp-image-8703\" alt=\"\" srcset=\"https:\/\/bekaferd.com.tr\/wp-content\/uploads\/2023\/01\/BANNER2.jpg 1900w, https:\/\/bekaferd.com.tr\/wp-content\/uploads\/2023\/01\/BANNER2-400x53.jpg 400w, https:\/\/bekaferd.com.tr\/wp-content\/uploads\/2023\/01\/BANNER2-1300x171.jpg 1300w, https:\/\/bekaferd.com.tr\/wp-content\/uploads\/2023\/01\/BANNER2-768x101.jpg 768w, https:\/\/bekaferd.com.tr\/wp-content\/uploads\/2023\/01\/BANNER2-1536x202.jpg 1536w, https:\/\/bekaferd.com.tr\/wp-content\/uploads\/2023\/01\/BANNER2-860x113.jpg 860w, https:\/\/bekaferd.com.tr\/wp-content\/uploads\/2023\/01\/BANNER2-430x57.jpg 430w, https:\/\/bekaferd.com.tr\/wp-content\/uploads\/2023\/01\/BANNER2-700x92.jpg 700w, https:\/\/bekaferd.com.tr\/wp-content\/uploads\/2023\/01\/BANNER2-150x20.jpg 150w\" sizes=\"auto, (max-width: 1900px) 100vw, 1900px\" \/>\t\t\t\t\t\t\t\t\t\t\t\t\t\t\t<\/div>\n\t\t\t\t<\/div>\n\t\t\t\t\t<\/div>\n\t\t<\/div>\n\t\t\t\t\t\t\t<\/div>\n\t\t<\/section>\n\t\t\t\t<section class=\"elementor-section elementor-top-section elementor-element elementor-element-49b2b68c elementor-section-content-middle elementor-section-full_width elementor-section-stretched elementor-section-height-default elementor-section-height-default wd-section-disabled\" data-id=\"49b2b68c\" data-element_type=\"section\" data-settings=\"{&quot;stretch_section&quot;:&quot;section-stretched&quot;}\">\n\t\t\t\t\t\t<div class=\"elementor-container elementor-column-gap-no\">\n\t\t\t\t\t<div class=\"elementor-column elementor-col-50 elementor-top-column elementor-element elementor-element-1cf90438\" data-id=\"1cf90438\" data-element_type=\"column\">\n\t\t\t<div class=\"elementor-widget-wrap elementor-element-populated\">\n\t\t\t\t\t\t\t\t<div class=\"elementor-element elementor-element-1402e53f elementor-widget elementor-widget-image\" data-id=\"1402e53f\" data-element_type=\"widget\" data-widget_type=\"image.default\">\n\t\t\t\t<div class=\"elementor-widget-container\">\n\t\t\t\t\t\t\t\t\t\t\t\t\t\t\t<img decoding=\"async\" src=\"https:\/\/bekaferd.com.tr\/wp-content\/uploads\/elementor\/thumbs\/dogal-renklendiriciler-min-q0gfw8ven11xj9cdr1x5dtj2b1f9h5avpiz2ra8kko.jpg\" title=\"dogal-renklendiriciler-min\" alt=\"dogal-renklendiriciler-min\" \/>\t\t\t\t\t\t\t\t\t\t\t\t\t\t\t<\/div>\n\t\t\t\t<\/div>\n\t\t\t\t\t<\/div>\n\t\t<\/div>\n\t\t\t\t<div class=\"elementor-column elementor-col-50 elementor-top-column elementor-element elementor-element-774ab684\" data-id=\"774ab684\" data-element_type=\"column\">\n\t\t\t<div class=\"elementor-widget-wrap elementor-element-populated\">\n\t\t\t\t\t\t\t\t<div class=\"elementor-element elementor-element-42bad554 elementor-widget elementor-widget-wd_title\" data-id=\"42bad554\" data-element_type=\"widget\" data-widget_type=\"wd_title.default\">\n\t\t\t\t<div class=\"elementor-widget-container\">\n\t\t\t\t\t<div class=\"title-wrapper set-mb-s reset-last-child wd-title-color-default wd-title-style-default wd-title-size-default text-left\">\n\n\t\t\t\n\t\t\t<div class=\"liner-continer\">\n\t\t\t\t<h4 class=\"woodmart-title-container title wd-fontsize-l\">DO\u011eAL RENKLEND\u0130R\u0130C\u0130LER<\/h4> \n\t\t\t\t\t\t\t<\/div>\n\n\t\t\t\t\t\t\t<div class=\"title-after_title set-cont-mb-s reset-last-child wd-fontsize-xs\">\n\t\t\t\t\t<p>\u0130\u00c7ECEKLER\u0130N\u0130Z\u0130N RENK YO\u011eUNLU\u011eUNU \"DO\u011eAL KIRMIZI\" \u0130LE ARTTIRIN.<\/p>\t\t\t\t<\/div>\n\t\t\t\t\t<\/div>\n\t\t\t\t<\/div>\n\t\t\t\t<\/div>\n\t\t\t\t<section class=\"wd-negative-gap elementor-section elementor-inner-section elementor-element elementor-element-1f32d167 elementor-section-boxed elementor-section-height-default elementor-section-height-default wd-section-disabled\" data-id=\"1f32d167\" data-element_type=\"section\">\n\t\t\t\t\t\t<div class=\"elementor-container elementor-column-gap-default\">\n\t\t\t\t\t<div class=\"elementor-column elementor-col-100 elementor-inner-column elementor-element elementor-element-478d0f5f\" data-id=\"478d0f5f\" data-element_type=\"column\">\n\t\t\t<div class=\"elementor-widget-wrap elementor-element-populated\">\n\t\t\t\t\t\t\t\t<div class=\"elementor-element elementor-element-37d1b2d8 color-scheme-inherit text-left elementor-widget elementor-widget-text-editor\" data-id=\"37d1b2d8\" data-element_type=\"widget\" data-widget_type=\"text-editor.default\">\n\t\t\t\t<div class=\"elementor-widget-container\">\n\t\t\t<style>\/*! elementor - v3.9.2 - 21-12-2022 *\/\n.elementor-widget-text-editor.elementor-drop-cap-view-stacked .elementor-drop-cap{background-color:#818a91;color:#fff}.elementor-widget-text-editor.elementor-drop-cap-view-framed .elementor-drop-cap{color:#818a91;border:3px solid;background-color:transparent}.elementor-widget-text-editor:not(.elementor-drop-cap-view-default) .elementor-drop-cap{margin-top:8px}.elementor-widget-text-editor:not(.elementor-drop-cap-view-default) .elementor-drop-cap-letter{width:1em;height:1em}.elementor-widget-text-editor .elementor-drop-cap{float:left;text-align:center;line-height:1;font-size:50px}.elementor-widget-text-editor .elementor-drop-cap-letter{display:inline-block}<\/style>\t\t\t\t<p>DO\u011eAL KIRMIZI NED\u0130R ?<\/p>\t\t\t\t\t\t<\/div>\n\t\t\t\t<\/div>\n\t\t\t\t<div class=\"elementor-element elementor-element-d4f1f02 color-scheme-inherit text-left elementor-widget elementor-widget-text-editor\" data-id=\"d4f1f02\" data-element_type=\"widget\" data-widget_type=\"text-editor.default\">\n\t\t\t\t<div class=\"elementor-widget-container\">\n\t\t\t\t\t\t\t\t\t\t\t\t\t<\/div>\n\t\t\t\t<\/div>\n\t\t\t\t\t<\/div>\n\t\t<\/div>\n\t\t\t\t\t\t\t<\/div>\n\t\t<\/section>\n\t\t\t\t<div class=\"elementor-element elementor-element-31a6f2f8 elementor-widget elementor-widget-wd_button\" data-id=\"31a6f2f8\" data-element_type=\"widget\" data-widget_type=\"wd_button.default\">\n\t\t\t\t<div class=\"elementor-widget-container\">\n\t\t\t\t\t<div class=\"wd-button-wrapper text-left\" >\n\t\t\t<a class=\"btn btn-style-default btn-style-rectangle btn-size-default btn-color-primary btn-icon-pos-right\"  href=\"#\">\n\t\t\t\t<span class=\"wd-btn-text\" data-elementor-setting-key=\"text\">\n\t\t\t\t\tView more\t\t\t\t<\/span>\n\n\t\t\t\t\t\t\t<\/a>\n\t\t<\/div>\n\t\t\t\t<\/div>\n\t\t\t\t<\/div>\n\t\t\t\t\t<\/div>\n\t\t<\/div>\n\t\t\t\t\t\t\t<\/div>\n\t\t<\/section>\n\t\t\t\t\t\t\t<\/div>\n\t\t","protected":false},"excerpt":{"rendered":"<p>DO\u011eAL RENKLEND\u0130R\u0130C\u0130LER \u0130\u00c7ECEKLER\u0130N\u0130Z\u0130N RENK YO\u011eUNLU\u011eUNU &#8220;DO\u011eAL KIRMIZI&#8221; \u0130LE ARTTIRIN. DO\u011eAL KIRMIZI NED\u0130R ? View more<\/p>\n","protected":false},"author":1,"featured_media":0,"parent":0,"menu_order":0,"comment_status":"closed","ping_status":"closed","template":"","meta":{"footnotes":""},"class_list":["post-8631","page","type-page","status-publish","hentry"],"_links":{"self":[{"href":"https:\/\/bekaferd.com.tr\/index.php\/wp-json\/wp\/v2\/pages\/8631","targetHints":{"allow":["GET"]}}],"collection":[{"href":"https:\/\/bekaferd.com.tr\/index.php\/wp-json\/wp\/v2\/pages"}],"about":[{"href":"https:\/\/bekaferd.com.tr\/index.php\/wp-json\/wp\/v2\/types\/page"}],"author":[{"embeddable":true,"href":"https:\/\/bekaferd.com.tr\/index.php\/wp-json\/wp\/v2\/users\/1"}],"replies":[{"embeddable":true,"href":"https:\/\/bekaferd.com.tr\/index.php\/wp-json\/wp\/v2\/comments?post=8631"}],"version-history":[{"count":51,"href":"https:\/\/bekaferd.com.tr\/index.php\/wp-json\/wp\/v2\/pages\/8631\/revisions"}],"predecessor-version":[{"id":8745,"href":"https:\/\/bekaferd.com.tr\/index.php\/wp-json\/wp\/v2\/pages\/8631\/revisions\/8745"}],"wp:attachment":[{"href":"https:\/\/bekaferd.com.tr\/index.php\/wp-json\/wp\/v2\/media?parent=8631"}],"curies":[{"name":"wp","href":"https:\/\/api.w.org\/{rel}","templated":true}]}}