{"id":8665,"date":"2023-01-10T17:33:48","date_gmt":"2023-01-10T14:33:48","guid":{"rendered":"https:\/\/bekaferd.com.tr\/?page_id=8665"},"modified":"2023-01-10T17:57:22","modified_gmt":"2023-01-10T14:57:22","slug":"fonsiyonel-tibbi-ve-aromatik-bitki-ekstraktlari","status":"publish","type":"page","link":"https:\/\/bekaferd.com.tr\/index.php\/fonsiyonel-tibbi-ve-aromatik-bitki-ekstraktlari\/","title":{"rendered":"FONS\u0130YONEL T\u0130BB\u00ce ve AROMAT\u0130K B\u0130TK\u0130 EKSTRAKTLARI"},"content":{"rendered":"\t\t<div data-elementor-type=\"wp-page\" data-elementor-id=\"8665\" class=\"elementor elementor-8665\">\n\t\t\t\t\t\t\t\t\t<section class=\"elementor-section elementor-top-section elementor-element elementor-element-2cfdd96c wd-section-stretch elementor-section-full_width elementor-section-content-middle elementor-section-height-default elementor-section-height-default\" data-id=\"2cfdd96c\" data-element_type=\"section\" data-settings=\"{&quot;background_background&quot;:&quot;classic&quot;}\">\n\t\t\t\t\t\t\t<div class=\"elementor-background-overlay\"><\/div>\n\t\t\t\t\t\t\t<div class=\"elementor-container elementor-column-gap-no\">\n\t\t\t\t\t<div class=\"elementor-column elementor-col-100 elementor-top-column elementor-element elementor-element-506f8f83\" data-id=\"506f8f83\" data-element_type=\"column\">\n\t\t\t<div class=\"elementor-widget-wrap elementor-element-populated\">\n\t\t\t\t\t\t\t\t<div class=\"elementor-element elementor-element-a58eb06 elementor-widget elementor-widget-heading\" data-id=\"a58eb06\" data-element_type=\"widget\" data-widget_type=\"heading.default\">\n\t\t\t\t<div class=\"elementor-widget-container\">\n\t\t\t<style>\/*! elementor - v3.9.2 - 21-12-2022 *\/\n.elementor-heading-title{padding:0;margin:0;line-height:1}.elementor-widget-heading .elementor-heading-title[class*=elementor-size-]>a{color:inherit;font-size:inherit;line-height:inherit}.elementor-widget-heading .elementor-heading-title.elementor-size-small{font-size:15px}.elementor-widget-heading .elementor-heading-title.elementor-size-medium{font-size:19px}.elementor-widget-heading .elementor-heading-title.elementor-size-large{font-size:29px}.elementor-widget-heading .elementor-heading-title.elementor-size-xl{font-size:39px}.elementor-widget-heading .elementor-heading-title.elementor-size-xxl{font-size:59px}<\/style><h1 class=\"elementor-heading-title elementor-size-xxl\">FONKS\u0130YONEL TIBB\u00ce ve AROMAT\u0130K \nB\u0130TK\u0130 EKSTRAKTLARI<\/h1>\t\t<\/div>\n\t\t\t\t<\/div>\n\t\t\t\t\t<\/div>\n\t\t<\/div>\n\t\t\t\t\t\t\t<\/div>\n\t\t<\/section>\n\t\t\t\t\t\t\t<\/div>\n\t\t","protected":false},"excerpt":{"rendered":"<p>FONKS\u0130YONEL TIBB\u00ce ve AROMAT\u0130K B\u0130TK\u0130 EKSTRAKTLARI<\/p>\n","protected":false},"author":1,"featured_media":0,"parent":0,"menu_order":0,"comment_status":"closed","ping_status":"closed","template":"","meta":{"footnotes":""},"class_list":["post-8665","page","type-page","status-publish","hentry"],"_links":{"self":[{"href":"https:\/\/bekaferd.com.tr\/index.php\/wp-json\/wp\/v2\/pages\/8665","targetHints":{"allow":["GET"]}}],"collection":[{"href":"https:\/\/bekaferd.com.tr\/index.php\/wp-json\/wp\/v2\/pages"}],"about":[{"href":"https:\/\/bekaferd.com.tr\/index.php\/wp-json\/wp\/v2\/types\/page"}],"author":[{"embeddable":true,"href":"https:\/\/bekaferd.com.tr\/index.php\/wp-json\/wp\/v2\/users\/1"}],"replies":[{"embeddable":true,"href":"https:\/\/bekaferd.com.tr\/index.php\/wp-json\/wp\/v2\/comments?post=8665"}],"version-history":[{"count":11,"href":"https:\/\/bekaferd.com.tr\/index.php\/wp-json\/wp\/v2\/pages\/8665\/revisions"}],"predecessor-version":[{"id":8764,"href":"https:\/\/bekaferd.com.tr\/index.php\/wp-json\/wp\/v2\/pages\/8665\/revisions\/8764"}],"wp:attachment":[{"href":"https:\/\/bekaferd.com.tr\/index.php\/wp-json\/wp\/v2\/media?parent=8665"}],"curies":[{"name":"wp","href":"https:\/\/api.w.org\/{rel}","templated":true}]}}